{"id":8191,"date":"2022-05-17T14:10:30","date_gmt":"2022-05-17T18:10:30","guid":{"rendered":"https:\/\/humaspa.ca\/?page_id=8191"},"modified":"2022-06-01T20:07:43","modified_gmt":"2022-06-02T00:07:43","slug":"ils-parlent-de-nous","status":"publish","type":"page","link":"https:\/\/humaspa.ca\/en\/ils-parlent-de-nous\/","title":{"rendered":"We are talking about us"},"content":{"rendered":"\n<h3 class=\"has-text-align-left wp-block-heading\"><\/h3>\n\n\n<section>\n\n  <div class=\"wrap grid\">\n\n    \n      <div class=\"innerWrap grid\">\n\n    \n    <div class=\"innerSection\" style=\"max-width: 1000px;\">\n\n\n      <\/div>\n\n    \n      <\/div>\n\n    \n  <\/div>\n\n<\/section>\n\n\n\n<div style=\"height:100px\" aria-hidden=\"true\" class=\"wp-block-spacer\"><\/div>\n\n\n\n  <section class=\"partners\">\n\n    <div class=\"wrap grid\">\n\n      <div class=\"innerWrap grid\">\n\n        <div class=\"partnersP grid\">\n\n          \n            \n              <a href=\"https:\/\/www.tourismeoutaouais.com\/blogue\/huma-spa\/\" target=\"_blank\" class=\"eachPartner\">\n\n            \n              <div class=\"imageBlo\">\n\n                <img decoding=\"async\" src=\"https:\/\/humaspa.ca\/wp-content\/uploads\/2022\/05\/Tourisme-Outaouais-2.jpg\" alt=\"\">\n\n              <\/div>\n\n              <h3>Tourisme Outaouais<\/h3>\n\n              <p><i><\/i><\/p>\n\n              \n            \n              <\/a>\n\n            \n          \n            \n              <a href=\"https:\/\/ici.radio-canada.ca\/ohdio\/premiere\/emissions\/Les-matins-d-ici\/segments\/entrevue\/377623\/spa-gatineau-ottawa\" target=\"_blank\" class=\"eachPartner\">\n\n            \n              <div class=\"imageBlo\">\n\n                <img decoding=\"async\" src=\"https:\/\/humaspa.ca\/wp-content\/uploads\/2022\/05\/Radio-Canada.png\" alt=\"\">\n\n              <\/div>\n\n              <h3>Radio-Canada<\/h3>\n\n              <p><i><\/i><\/p>\n\n              \n            \n              <\/a>\n\n            \n          \n            \n              <a href=\"https:\/\/www.ledroit.com\/2021\/11\/17\/le-reve-de-paule-et-eloise-charette-db74699c18c8212fc5e9ce22fd0d4b47\" target=\"_blank\" class=\"eachPartner\">\n\n            \n              <div class=\"imageBlo\">\n\n                <img decoding=\"async\" src=\"https:\/\/humaspa.ca\/wp-content\/uploads\/2022\/05\/Le-Droit-numerique.png\" alt=\"\">\n\n              <\/div>\n\n              <h3>Le Droit num\u00e9rique <\/h3>\n\n              <p><i><\/i><\/p>\n\n              \n            \n              <\/a>\n\n            \n          \n            \n              <a href=\"https:\/\/lapressetouristique.ca\/une-experience-immersive-et-olfactive-singuliere\/?fbclid=IwAR0hCMPsPRMUu-IDX1-2R6IUlUzLMD4d0bSkPpbD7JI1IRLdreybZ9uL8j8\" target=\"_blank\" class=\"eachPartner\">\n\n            \n              <div class=\"imageBlo\">\n\n                <img decoding=\"async\" src=\"https:\/\/humaspa.ca\/wp-content\/uploads\/2022\/05\/La-Presse-Touristique.png\" alt=\"\">\n\n              <\/div>\n\n              <h3>La Presse Touristique<\/h3>\n\n              <p><i><\/i><\/p>\n\n              \n            \n              <\/a>\n\n            \n          \n            \n              <a href=\"https:\/\/www.youtube.com\/watch?v=ToZ1HqVOOog\" target=\"_blank\" class=\"eachPartner\">\n\n            \n              <div class=\"imageBlo\">\n\n                <img decoding=\"async\" src=\"https:\/\/humaspa.ca\/wp-content\/uploads\/2022\/05\/TVC-Basse-Lievre-1.jpg\" alt=\"\">\n\n              <\/div>\n\n              <h3>TVC Basse-Li\u00e8vre<\/h3>\n\n              <p><i><\/i><\/p>\n\n              \n            \n              <\/a>\n\n            \n          \n            \n              <a href=\"https:\/\/www.narcity.com\/ottawa\/this-new-rooftop-spa-near-ottawa-is-a-dreamy-oasis-with-a-pool-overlooking-the-city?utm_campaign=NarcityCanada&#038;utm_medium=Social&#038;utm_source=instagram&#038;fbclid=IwAR2DaMRvEjlm%20ViqxqsYROimR7JynOrJoBG_TH_Ltf4FhgRMv-f3BT0_EqJg\" target=\"_blank\" class=\"eachPartner\">\n\n            \n              <div class=\"imageBlo\">\n\n                <img decoding=\"async\" src=\"https:\/\/humaspa.ca\/wp-content\/uploads\/2022\/05\/Narcity.png\" alt=\"\">\n\n              <\/div>\n\n              <h3>Narcity Ottawa<\/h3>\n\n              <p><i><\/i><\/p>\n\n              \n            \n              <\/a>\n\n            \n          \n        <\/div>\n\n      <\/div>\n\n    <\/div>\n\n  <\/section>\n\n\n\n\n<div style=\"height:100px\" aria-hidden=\"true\" class=\"wp-block-spacer\"><\/div>\n","protected":false},"excerpt":{"rendered":"","protected":false},"author":2,"featured_media":0,"parent":0,"menu_order":19,"comment_status":"closed","ping_status":"closed","template":"","meta":{"_acf_changed":false,"_genesis_hide_title":false,"_genesis_hide_breadcrumbs":false,"_genesis_hide_singular_image":false,"_genesis_hide_footer_widgets":false,"_genesis_custom_body_class":"","_genesis_custom_post_class":"","_genesis_layout":"","footnotes":""},"class_list":{"0":"post-8191","1":"page","2":"type-page","3":"status-publish","5":"entry"},"acf":[],"yoast_head":"<!-- This site is optimized with the Yoast SEO plugin v26.8 - https:\/\/yoast.com\/product\/yoast-seo-wordpress\/ -->\n<title>Nos partenaires - Huma Spa<\/title>\n<meta name=\"description\" content=\"D\u00e9couvrez l&#039;ensemble des partenaires et des fournisseurs qu\u00e9b\u00e9cois de Huma Spa, favorisant les m\u00eames valeurs que nous.\" \/>\n<meta name=\"robots\" content=\"index, follow, max-snippet:-1, max-image-preview:large, max-video-preview:-1\" \/>\n<link rel=\"canonical\" href=\"https:\/\/humaspa.ca\/en\/ils-parlent-de-nous\/\" \/>\n<meta property=\"og:locale\" content=\"en_US\" \/>\n<meta property=\"og:type\" content=\"article\" \/>\n<meta property=\"og:title\" content=\"Nos partenaires - Huma Spa\" \/>\n<meta property=\"og:description\" content=\"D\u00e9couvrez l&#039;ensemble des partenaires et des fournisseurs qu\u00e9b\u00e9cois de Huma Spa, favorisant les m\u00eames valeurs que nous.\" \/>\n<meta property=\"og:url\" content=\"https:\/\/humaspa.ca\/en\/ils-parlent-de-nous\/\" \/>\n<meta property=\"og:site_name\" content=\"Huma - Spa sur le toit\" \/>\n<meta property=\"article:modified_time\" content=\"2022-06-02T00:07:43+00:00\" \/>\n<meta name=\"twitter:card\" content=\"summary_large_image\" \/>\n<script type=\"application\/ld+json\" class=\"yoast-schema-graph\">{\"@context\":\"https:\/\/schema.org\",\"@graph\":[{\"@type\":\"WebPage\",\"@id\":\"https:\/\/humaspa.ca\/en\/ils-parlent-de-nous\/\",\"url\":\"https:\/\/humaspa.ca\/en\/ils-parlent-de-nous\/\",\"name\":\"Nos partenaires - Huma Spa\",\"isPartOf\":{\"@id\":\"https:\/\/humaspa.ca\/en\/#website\"},\"datePublished\":\"2022-05-17T18:10:30+00:00\",\"dateModified\":\"2022-06-02T00:07:43+00:00\",\"description\":\"D\u00e9couvrez l'ensemble des partenaires et des fournisseurs qu\u00e9b\u00e9cois de Huma Spa, favorisant les m\u00eames valeurs que nous.\",\"breadcrumb\":{\"@id\":\"https:\/\/humaspa.ca\/en\/ils-parlent-de-nous\/#breadcrumb\"},\"inLanguage\":\"en-US\",\"potentialAction\":[{\"@type\":\"ReadAction\",\"target\":[\"https:\/\/humaspa.ca\/en\/ils-parlent-de-nous\/\"]}]},{\"@type\":\"BreadcrumbList\",\"@id\":\"https:\/\/humaspa.ca\/en\/ils-parlent-de-nous\/#breadcrumb\",\"itemListElement\":[{\"@type\":\"ListItem\",\"position\":1,\"name\":\"Home\",\"item\":\"https:\/\/humaspa.ca\/en\/\"},{\"@type\":\"ListItem\",\"position\":2,\"name\":\"We are talking about us\"}]},{\"@type\":\"WebSite\",\"@id\":\"https:\/\/humaspa.ca\/en\/#website\",\"url\":\"https:\/\/humaspa.ca\/en\/\",\"name\":\"Huma - Spa sur le toit\",\"description\":\"Une exp\u00e9rience de ressourcement unique\",\"publisher\":{\"@id\":\"https:\/\/humaspa.ca\/en\/#organization\"},\"potentialAction\":[{\"@type\":\"SearchAction\",\"target\":{\"@type\":\"EntryPoint\",\"urlTemplate\":\"https:\/\/humaspa.ca\/en\/?s={search_term_string}\"},\"query-input\":{\"@type\":\"PropertyValueSpecification\",\"valueRequired\":true,\"valueName\":\"search_term_string\"}}],\"inLanguage\":\"en-US\"},{\"@type\":\"Organization\",\"@id\":\"https:\/\/humaspa.ca\/en\/#organization\",\"name\":\"Huma - Spa sur le toit\",\"url\":\"https:\/\/humaspa.ca\/en\/\",\"logo\":{\"@type\":\"ImageObject\",\"inLanguage\":\"en-US\",\"@id\":\"https:\/\/humaspa.ca\/en\/#\/schema\/logo\/image\/\",\"url\":\"https:\/\/humaspa.ca\/wp-content\/uploads\/2020\/11\/logo-en-1.svg\",\"contentUrl\":\"https:\/\/humaspa.ca\/wp-content\/uploads\/2020\/11\/logo-en-1.svg\",\"width\":1592,\"height\":536,\"caption\":\"Huma - Spa sur le toit\"},\"image\":{\"@id\":\"https:\/\/humaspa.ca\/en\/#\/schema\/logo\/image\/\"}}]}<\/script>\n<!-- \/ Yoast SEO plugin. -->","yoast_head_json":{"title":"Nos partenaires - Huma Spa","description":"D\u00e9couvrez l'ensemble des partenaires et des fournisseurs qu\u00e9b\u00e9cois de Huma Spa, favorisant les m\u00eames valeurs que nous.","robots":{"index":"index","follow":"follow","max-snippet":"max-snippet:-1","max-image-preview":"max-image-preview:large","max-video-preview":"max-video-preview:-1"},"canonical":"https:\/\/humaspa.ca\/en\/ils-parlent-de-nous\/","og_locale":"en_US","og_type":"article","og_title":"Nos partenaires - Huma Spa","og_description":"D\u00e9couvrez l'ensemble des partenaires et des fournisseurs qu\u00e9b\u00e9cois de Huma Spa, favorisant les m\u00eames valeurs que nous.","og_url":"https:\/\/humaspa.ca\/en\/ils-parlent-de-nous\/","og_site_name":"Huma - Spa sur le toit","article_modified_time":"2022-06-02T00:07:43+00:00","twitter_card":"summary_large_image","schema":{"@context":"https:\/\/schema.org","@graph":[{"@type":"WebPage","@id":"https:\/\/humaspa.ca\/en\/ils-parlent-de-nous\/","url":"https:\/\/humaspa.ca\/en\/ils-parlent-de-nous\/","name":"Nos partenaires - Huma Spa","isPartOf":{"@id":"https:\/\/humaspa.ca\/en\/#website"},"datePublished":"2022-05-17T18:10:30+00:00","dateModified":"2022-06-02T00:07:43+00:00","description":"D\u00e9couvrez l'ensemble des partenaires et des fournisseurs qu\u00e9b\u00e9cois de Huma Spa, favorisant les m\u00eames valeurs que nous.","breadcrumb":{"@id":"https:\/\/humaspa.ca\/en\/ils-parlent-de-nous\/#breadcrumb"},"inLanguage":"en-US","potentialAction":[{"@type":"ReadAction","target":["https:\/\/humaspa.ca\/en\/ils-parlent-de-nous\/"]}]},{"@type":"BreadcrumbList","@id":"https:\/\/humaspa.ca\/en\/ils-parlent-de-nous\/#breadcrumb","itemListElement":[{"@type":"ListItem","position":1,"name":"Home","item":"https:\/\/humaspa.ca\/en\/"},{"@type":"ListItem","position":2,"name":"We are talking about us"}]},{"@type":"WebSite","@id":"https:\/\/humaspa.ca\/en\/#website","url":"https:\/\/humaspa.ca\/en\/","name":"Huma - Spa sur le toit","description":"Une exp\u00e9rience de ressourcement unique","publisher":{"@id":"https:\/\/humaspa.ca\/en\/#organization"},"potentialAction":[{"@type":"SearchAction","target":{"@type":"EntryPoint","urlTemplate":"https:\/\/humaspa.ca\/en\/?s={search_term_string}"},"query-input":{"@type":"PropertyValueSpecification","valueRequired":true,"valueName":"search_term_string"}}],"inLanguage":"en-US"},{"@type":"Organization","@id":"https:\/\/humaspa.ca\/en\/#organization","name":"Huma - Spa sur le toit","url":"https:\/\/humaspa.ca\/en\/","logo":{"@type":"ImageObject","inLanguage":"en-US","@id":"https:\/\/humaspa.ca\/en\/#\/schema\/logo\/image\/","url":"https:\/\/humaspa.ca\/wp-content\/uploads\/2020\/11\/logo-en-1.svg","contentUrl":"https:\/\/humaspa.ca\/wp-content\/uploads\/2020\/11\/logo-en-1.svg","width":1592,"height":536,"caption":"Huma - Spa sur le toit"},"image":{"@id":"https:\/\/humaspa.ca\/en\/#\/schema\/logo\/image\/"}}]}},"_links":{"self":[{"href":"https:\/\/humaspa.ca\/en\/wp-json\/wp\/v2\/pages\/8191","targetHints":{"allow":["GET"]}}],"collection":[{"href":"https:\/\/humaspa.ca\/en\/wp-json\/wp\/v2\/pages"}],"about":[{"href":"https:\/\/humaspa.ca\/en\/wp-json\/wp\/v2\/types\/page"}],"author":[{"embeddable":true,"href":"https:\/\/humaspa.ca\/en\/wp-json\/wp\/v2\/users\/2"}],"replies":[{"embeddable":true,"href":"https:\/\/humaspa.ca\/en\/wp-json\/wp\/v2\/comments?post=8191"}],"version-history":[{"count":4,"href":"https:\/\/humaspa.ca\/en\/wp-json\/wp\/v2\/pages\/8191\/revisions"}],"predecessor-version":[{"id":8285,"href":"https:\/\/humaspa.ca\/en\/wp-json\/wp\/v2\/pages\/8191\/revisions\/8285"}],"wp:attachment":[{"href":"https:\/\/humaspa.ca\/en\/wp-json\/wp\/v2\/media?parent=8191"}],"curies":[{"name":"wp","href":"https:\/\/api.w.org\/{rel}","templated":true}]}}